{"id":57,"date":"2025-12-02T09:58:30","date_gmt":"2025-12-02T09:58:30","guid":{"rendered":"https:\/\/andre.icca-reims.fr\/?page_id=57"},"modified":"2025-12-04T16:32:42","modified_gmt":"2025-12-04T16:32:42","slug":"nos-realisations","status":"publish","type":"page","link":"https:\/\/andre.icca-reims.fr\/?page_id=57","title":{"rendered":"Nos r\u00e9alisations"},"content":{"rendered":"\t\t<div data-elementor-type=\"wp-page\" data-elementor-id=\"57\" class=\"elementor elementor-57\">\n\t\t\t\t<div class=\"elementor-element elementor-element-702421c e-flex e-con-boxed wpr-particle-no wpr-jarallax-no wpr-parallax-no wpr-sticky-section-no wpr-column-slider-no wpr-equal-height-no e-con e-parent\" data-id=\"702421c\" data-element_type=\"container\" data-e-type=\"container\" data-settings=\"{&quot;background_background&quot;:&quot;classic&quot;}\">\n\t\t\t\t\t<div class=\"e-con-inner\">\n\t\t\t\t<div class=\"elementor-element elementor-element-7b91e86 elementor-widget-divider--view-line elementor-widget elementor-widget-divider\" data-id=\"7b91e86\" data-element_type=\"widget\" data-e-type=\"widget\" data-widget_type=\"divider.default\">\n\t\t\t\t\t\t\t<div class=\"elementor-divider\">\n\t\t\t<span class=\"elementor-divider-separator\">\n\t\t\t\t\t\t<\/span>\n\t\t<\/div>\n\t\t\t\t\t\t<\/div>\n\t\t\t\t\t<\/div>\n\t\t\t\t<\/div>\n\t\t<div class=\"elementor-element elementor-element-c9b5317 e-flex e-con-boxed wpr-particle-no wpr-jarallax-no wpr-parallax-no wpr-sticky-section-no wpr-column-slider-no wpr-equal-height-no e-con e-parent\" data-id=\"c9b5317\" data-element_type=\"container\" data-e-type=\"container\" data-settings=\"{&quot;background_background&quot;:&quot;classic&quot;}\">\n\t\t\t\t\t<div class=\"e-con-inner\">\n\t\t\t\t<div class=\"elementor-element elementor-element-7357fc1 elementor-widget__width-initial elementor-widget elementor-widget-image\" data-id=\"7357fc1\" data-element_type=\"widget\" data-e-type=\"widget\" data-widget_type=\"image.default\">\n\t\t\t\t\t\t\t\t\t\t\t\t\t\t\t<img fetchpriority=\"high\" decoding=\"async\" width=\"1440\" height=\"1440\" src=\"https:\/\/andre.icca-reims.fr\/wp-content\/uploads\/2025\/12\/Image-7-1.jpeg\" class=\"attachment-full size-full wp-image-182\" alt=\"\" srcset=\"https:\/\/andre.icca-reims.fr\/wp-content\/uploads\/2025\/12\/Image-7-1.jpeg 1440w, https:\/\/andre.icca-reims.fr\/wp-content\/uploads\/2025\/12\/Image-7-1-300x300.jpeg 300w, https:\/\/andre.icca-reims.fr\/wp-content\/uploads\/2025\/12\/Image-7-1-1024x1024.jpeg 1024w, https:\/\/andre.icca-reims.fr\/wp-content\/uploads\/2025\/12\/Image-7-1-150x150.jpeg 150w, https:\/\/andre.icca-reims.fr\/wp-content\/uploads\/2025\/12\/Image-7-1-768x768.jpeg 768w\" sizes=\"(max-width: 1440px) 100vw, 1440px\" \/>\t\t\t\t\t\t\t\t\t\t\t\t\t\t\t<\/div>\n\t\t\t\t\t<\/div>\n\t\t\t\t<\/div>\n\t\t<div class=\"elementor-element elementor-element-c604a95 e-flex e-con-boxed wpr-particle-no wpr-jarallax-no wpr-parallax-no wpr-sticky-section-no wpr-column-slider-no wpr-equal-height-no e-con e-parent\" data-id=\"c604a95\" data-element_type=\"container\" data-e-type=\"container\" data-settings=\"{&quot;background_background&quot;:&quot;classic&quot;}\">\n\t\t\t\t\t<div class=\"e-con-inner\">\n\t\t\t\t<div class=\"elementor-element elementor-element-ddcbe65 elementor-widget-divider--view-line elementor-widget elementor-widget-divider\" data-id=\"ddcbe65\" data-element_type=\"widget\" data-e-type=\"widget\" data-widget_type=\"divider.default\">\n\t\t\t\t\t\t\t<div class=\"elementor-divider\">\n\t\t\t<span class=\"elementor-divider-separator\">\n\t\t\t\t\t\t<\/span>\n\t\t<\/div>\n\t\t\t\t\t\t<\/div>\n\t\t\t\t<div class=\"elementor-element elementor-element-0586f4a elementor-widget elementor-widget-heading\" data-id=\"0586f4a\" data-element_type=\"widget\" data-e-type=\"widget\" data-widget_type=\"heading.default\">\n\t\t\t\t\t<h3 class=\"elementor-heading-title elementor-size-default\">D\u00e9couvrez les \u00e9v\u00e9nements que nous avons\nimagin\u00e9s, coordonn\u00e9s et v\u00e9cus aux c\u00f4t\u00e9s de nos clients.\nChaque projet est unique, comme ceux qui nous font\nconfiance.<\/h3>\t\t\t\t<\/div>\n\t\t\t\t\t<\/div>\n\t\t\t\t<\/div>\n\t\t<div class=\"elementor-element elementor-element-4cc33e1 e-flex e-con-boxed wpr-particle-no wpr-jarallax-no wpr-parallax-no wpr-sticky-section-no wpr-column-slider-no wpr-equal-height-no e-con e-parent\" data-id=\"4cc33e1\" data-element_type=\"container\" data-e-type=\"container\" data-settings=\"{&quot;background_background&quot;:&quot;classic&quot;}\">\n\t\t\t\t\t<div class=\"e-con-inner\">\n\t\t<div class=\"elementor-element elementor-element-cc82846 e-con-full e-flex wpr-particle-no wpr-jarallax-no wpr-parallax-no wpr-sticky-section-no wpr-column-slider-no wpr-equal-height-no e-con e-child\" data-id=\"cc82846\" data-element_type=\"container\" data-e-type=\"container\">\n\t\t\t\t<div class=\"elementor-element elementor-element-8e684b3 elementor-widget elementor-widget-image\" data-id=\"8e684b3\" data-element_type=\"widget\" data-e-type=\"widget\" data-widget_type=\"image.default\">\n\t\t\t\t\t\t\t\t\t\t\t\t\t\t\t<img decoding=\"async\" width=\"738\" height=\"1012\" src=\"https:\/\/andre.icca-reims.fr\/wp-content\/uploads\/2025\/12\/Capture-decran-2025-10-01-a-16.50.26.png\" class=\"attachment-large size-large wp-image-134\" alt=\"\" srcset=\"https:\/\/andre.icca-reims.fr\/wp-content\/uploads\/2025\/12\/Capture-decran-2025-10-01-a-16.50.26.png 738w, https:\/\/andre.icca-reims.fr\/wp-content\/uploads\/2025\/12\/Capture-decran-2025-10-01-a-16.50.26-219x300.png 219w\" sizes=\"(max-width: 738px) 100vw, 738px\" \/>\t\t\t\t\t\t\t\t\t\t\t\t\t\t\t<\/div>\n\t\t\t\t<div class=\"elementor-element elementor-element-b0fc829 elementor-widget-tablet__width-initial elementor-widget elementor-widget-heading\" data-id=\"b0fc829\" data-element_type=\"widget\" data-e-type=\"widget\" data-widget_type=\"heading.default\">\n\t\t\t\t\t<h2 class=\"elementor-heading-title elementor-size-default\">HYROX PARIS \n        2024<\/h2>\t\t\t\t<\/div>\n\t\t\t\t<div class=\"elementor-element elementor-element-b99b277 elementor-align-center elementor-widget elementor-widget-button\" data-id=\"b99b277\" data-element_type=\"widget\" data-e-type=\"widget\" data-widget_type=\"button.default\">\n\t\t\t\t\t\t\t\t\t\t<a class=\"elementor-button elementor-button-link elementor-size-sm\" href=\"#\">\n\t\t\t\t\t\t<span class=\"elementor-button-content-wrapper\">\n\t\t\t\t\t\t<span class=\"elementor-button-icon\">\n\t\t\t\t<svg aria-hidden=\"true\" class=\"e-font-icon-svg e-far-arrow-alt-circle-right\" viewBox=\"0 0 512 512\" xmlns=\"http:\/\/www.w3.org\/2000\/svg\"><path d=\"M504 256C504 119 393 8 256 8S8 119 8 256s111 248 248 248 248-111 248-248zm-448 0c0-110.5 89.5-200 200-200s200 89.5 200 200-89.5 200-200 200S56 366.5 56 256zm72 20v-40c0-6.6 5.4-12 12-12h116v-67c0-10.7 12.9-16 20.5-8.5l99 99c4.7 4.7 4.7 12.3 0 17l-99 99c-7.6 7.6-20.5 2.2-20.5-8.5v-67H140c-6.6 0-12-5.4-12-12z\"><\/path><\/svg>\t\t\t<\/span>\n\t\t\t\t\t\t\t\t\t<span class=\"elementor-button-text\">Voir le projet<\/span>\n\t\t\t\t\t<\/span>\n\t\t\t\t\t<\/a>\n\t\t\t\t\t\t\t\t<\/div>\n\t\t\t\t<\/div>\n\t\t<div class=\"elementor-element elementor-element-41e89e0 e-con-full e-flex wpr-particle-no wpr-jarallax-no wpr-parallax-no wpr-sticky-section-no wpr-column-slider-no wpr-equal-height-no e-con e-child\" data-id=\"41e89e0\" data-element_type=\"container\" data-e-type=\"container\">\n\t\t\t\t<div class=\"elementor-element elementor-element-8c52189 elementor-widget elementor-widget-video\" data-id=\"8c52189\" data-element_type=\"widget\" data-e-type=\"widget\" data-settings=\"{&quot;youtube_url&quot;:&quot;https:\\\/\\\/www.youtube.com\\\/watch?v=GHt-0PPjv60&quot;,&quot;autoplay&quot;:&quot;yes&quot;,&quot;play_on_mobile&quot;:&quot;yes&quot;,&quot;loop&quot;:&quot;yes&quot;,&quot;video_type&quot;:&quot;youtube&quot;,&quot;controls&quot;:&quot;yes&quot;}\" data-widget_type=\"video.default\">\n\t\t\t\t\t\t\t<div class=\"elementor-wrapper elementor-open-inline\">\n\t\t\t<div class=\"elementor-video\"><\/div>\t\t<\/div>\n\t\t\t\t\t\t<\/div>\n\t\t\t\t<div class=\"elementor-element elementor-element-a876313 elementor-widget elementor-widget-video\" data-id=\"a876313\" data-element_type=\"widget\" data-e-type=\"widget\" data-settings=\"{&quot;youtube_url&quot;:&quot;https:\\\/\\\/www.youtube.com\\\/watch?v=H7myCIKbKZU&quot;,&quot;autoplay&quot;:&quot;yes&quot;,&quot;play_on_mobile&quot;:&quot;yes&quot;,&quot;loop&quot;:&quot;yes&quot;,&quot;video_type&quot;:&quot;youtube&quot;,&quot;controls&quot;:&quot;yes&quot;}\" data-widget_type=\"video.default\">\n\t\t\t\t\t\t\t<div class=\"elementor-wrapper elementor-open-inline\">\n\t\t\t<div class=\"elementor-video\"><\/div>\t\t<\/div>\n\t\t\t\t\t\t<\/div>\n\t\t\t\t<div class=\"elementor-element elementor-element-7efc468 elementor-widget elementor-widget-heading\" data-id=\"7efc468\" data-element_type=\"widget\" data-e-type=\"widget\" data-widget_type=\"heading.default\">\n\t\t\t\t\t<h2 class=\"elementor-heading-title elementor-size-default\">S\u00c9MINAIRE ENTREPRISE<\/h2>\t\t\t\t<\/div>\n\t\t\t\t<div class=\"elementor-element elementor-element-543735f elementor-align-center elementor-widget elementor-widget-button\" data-id=\"543735f\" data-element_type=\"widget\" data-e-type=\"widget\" data-widget_type=\"button.default\">\n\t\t\t\t\t\t\t\t\t\t<a class=\"elementor-button elementor-button-link elementor-size-sm\" href=\"#\">\n\t\t\t\t\t\t<span class=\"elementor-button-content-wrapper\">\n\t\t\t\t\t\t<span class=\"elementor-button-icon\">\n\t\t\t\t<svg aria-hidden=\"true\" class=\"e-font-icon-svg e-far-arrow-alt-circle-right\" viewBox=\"0 0 512 512\" xmlns=\"http:\/\/www.w3.org\/2000\/svg\"><path d=\"M504 256C504 119 393 8 256 8S8 119 8 256s111 248 248 248 248-111 248-248zm-448 0c0-110.5 89.5-200 200-200s200 89.5 200 200-89.5 200-200 200S56 366.5 56 256zm72 20v-40c0-6.6 5.4-12 12-12h116v-67c0-10.7 12.9-16 20.5-8.5l99 99c4.7 4.7 4.7 12.3 0 17l-99 99c-7.6 7.6-20.5 2.2-20.5-8.5v-67H140c-6.6 0-12-5.4-12-12z\"><\/path><\/svg>\t\t\t<\/span>\n\t\t\t\t\t\t\t\t\t<span class=\"elementor-button-text\">Voir le projet<\/span>\n\t\t\t\t\t<\/span>\n\t\t\t\t\t<\/a>\n\t\t\t\t\t\t\t\t<\/div>\n\t\t\t\t<\/div>\n\t\t<div class=\"elementor-element elementor-element-ed86919 e-con-full e-flex wpr-particle-no wpr-jarallax-no wpr-parallax-no wpr-sticky-section-no wpr-column-slider-no wpr-equal-height-no e-con e-child\" data-id=\"ed86919\" data-element_type=\"container\" data-e-type=\"container\">\n\t\t\t\t<div class=\"elementor-element elementor-element-291f201 elementor-widget elementor-widget-image\" data-id=\"291f201\" data-element_type=\"widget\" data-e-type=\"widget\" data-widget_type=\"image.default\">\n\t\t\t\t\t\t\t\t\t\t\t\t\t\t\t<img decoding=\"async\" width=\"683\" height=\"1024\" src=\"https:\/\/andre.icca-reims.fr\/wp-content\/uploads\/2025\/12\/150ans-Soissonnaise-42-2-683x1024.jpeg\" class=\"attachment-large size-large wp-image-136\" alt=\"\" srcset=\"https:\/\/andre.icca-reims.fr\/wp-content\/uploads\/2025\/12\/150ans-Soissonnaise-42-2-683x1024.jpeg 683w, https:\/\/andre.icca-reims.fr\/wp-content\/uploads\/2025\/12\/150ans-Soissonnaise-42-2-200x300.jpeg 200w, https:\/\/andre.icca-reims.fr\/wp-content\/uploads\/2025\/12\/150ans-Soissonnaise-42-2-768x1152.jpeg 768w, https:\/\/andre.icca-reims.fr\/wp-content\/uploads\/2025\/12\/150ans-Soissonnaise-42-2-1024x1536.jpeg 1024w, https:\/\/andre.icca-reims.fr\/wp-content\/uploads\/2025\/12\/150ans-Soissonnaise-42-2-1365x2048.jpeg 1365w, https:\/\/andre.icca-reims.fr\/wp-content\/uploads\/2025\/12\/150ans-Soissonnaise-42-2-scaled.jpeg 1707w\" sizes=\"(max-width: 683px) 100vw, 683px\" \/>\t\t\t\t\t\t\t\t\t\t\t\t\t\t\t<\/div>\n\t\t\t\t<div class=\"elementor-element elementor-element-27f45e3 elementor-widget elementor-widget-heading\" data-id=\"27f45e3\" data-element_type=\"widget\" data-e-type=\"widget\" data-widget_type=\"heading.default\">\n\t\t\t\t\t<h2 class=\"elementor-heading-title elementor-size-default\">CONCOURS DE DUNK <\/h2>\t\t\t\t<\/div>\n\t\t\t\t<div class=\"elementor-element elementor-element-27997ed elementor-align-center elementor-widget elementor-widget-button\" data-id=\"27997ed\" data-element_type=\"widget\" data-e-type=\"widget\" data-widget_type=\"button.default\">\n\t\t\t\t\t\t\t\t\t\t<a class=\"elementor-button elementor-button-link elementor-size-sm\" href=\"#\">\n\t\t\t\t\t\t<span class=\"elementor-button-content-wrapper\">\n\t\t\t\t\t\t<span class=\"elementor-button-icon\">\n\t\t\t\t<svg aria-hidden=\"true\" class=\"e-font-icon-svg e-far-arrow-alt-circle-right\" viewBox=\"0 0 512 512\" xmlns=\"http:\/\/www.w3.org\/2000\/svg\"><path d=\"M504 256C504 119 393 8 256 8S8 119 8 256s111 248 248 248 248-111 248-248zm-448 0c0-110.5 89.5-200 200-200s200 89.5 200 200-89.5 200-200 200S56 366.5 56 256zm72 20v-40c0-6.6 5.4-12 12-12h116v-67c0-10.7 12.9-16 20.5-8.5l99 99c4.7 4.7 4.7 12.3 0 17l-99 99c-7.6 7.6-20.5 2.2-20.5-8.5v-67H140c-6.6 0-12-5.4-12-12z\"><\/path><\/svg>\t\t\t<\/span>\n\t\t\t\t\t\t\t\t\t<span class=\"elementor-button-text\">Voir le projet<\/span>\n\t\t\t\t\t<\/span>\n\t\t\t\t\t<\/a>\n\t\t\t\t\t\t\t\t<\/div>\n\t\t\t\t<\/div>\n\t\t\t\t\t<\/div>\n\t\t\t\t<\/div>\n\t\t<div class=\"elementor-element elementor-element-9628f59 e-flex e-con-boxed wpr-particle-no wpr-jarallax-no wpr-parallax-no wpr-sticky-section-no wpr-column-slider-no wpr-equal-height-no e-con e-parent\" data-id=\"9628f59\" data-element_type=\"container\" data-e-type=\"container\" data-settings=\"{&quot;background_background&quot;:&quot;classic&quot;}\">\n\t\t\t\t\t<div class=\"e-con-inner\">\n\t\t\t\t<div class=\"elementor-element elementor-element-85d9764 elementor-widget-divider--view-line elementor-widget elementor-widget-divider\" data-id=\"85d9764\" data-element_type=\"widget\" data-e-type=\"widget\" data-widget_type=\"divider.default\">\n\t\t\t\t\t\t\t<div class=\"elementor-divider\">\n\t\t\t<span class=\"elementor-divider-separator\">\n\t\t\t\t\t\t<\/span>\n\t\t<\/div>\n\t\t\t\t\t\t<\/div>\n\t\t\t\t\t<\/div>\n\t\t\t\t<\/div>\n\t\t<div class=\"elementor-element elementor-element-47d7d7b e-flex e-con-boxed wpr-particle-no wpr-jarallax-no wpr-parallax-no wpr-sticky-section-no wpr-column-slider-no wpr-equal-height-no e-con e-parent\" data-id=\"47d7d7b\" data-element_type=\"container\" data-e-type=\"container\" data-settings=\"{&quot;background_background&quot;:&quot;classic&quot;}\">\n\t\t\t\t\t<div class=\"e-con-inner\">\n\t\t\t\t<div class=\"elementor-element elementor-element-0c17032 elementor-widget elementor-widget-wpr-flip-carousel\" data-id=\"0c17032\" data-element_type=\"widget\" data-e-type=\"widget\" data-widget_type=\"wpr-flip-carousel.default\">\n\t\t\t\t\t<div class=\"wpr-flip-carousel-wrapper\"><div class=\"wpr-flip-carousel\" data-settings=\"{&quot;starts_from_center&quot;:&quot;yes&quot;,&quot;carousel_type&quot;:&quot;coverflow&quot;,&quot;loop&quot;:&quot;yes&quot;,&quot;autoplay&quot;:false,&quot;autoplay_milliseconds&quot;:0,&quot;pause_on_hover&quot;:false,&quot;play_on_click&quot;:&quot;yes&quot;,&quot;play_on_scroll&quot;:&quot;no&quot;,&quot;pagination_position&quot;:null,&quot;spacing&quot;:-0.6,&quot;button_prev&quot;:&quot;&quot;,&quot;button_next&quot;:&quot;&quot;,&quot;pagination_bg_color_hover&quot;:null}\"><ul class=\"wpr-flip-items-wrapper\"><li class=\"wpr-flip-item\" data-flip-title=\"\"><figure><a ><img decoding=\"async\" alt=\"\" src=\"https:\/\/andre.icca-reims.fr\/wp-content\/uploads\/elementor\/thumbs\/Avis-client--rfkk3gl9l7ncteobp4opcz7jrqatk7pbsnmvgw83hc.png\" \/><\/a><\/figure><\/li><li class=\"wpr-flip-item\" data-flip-title=\"\"><figure><a ><img decoding=\"async\" alt=\"\" src=\"https:\/\/andre.icca-reims.fr\/wp-content\/uploads\/elementor\/thumbs\/Avis-client-2-rfkkiahlf3y7zx4t3jgsp8hd6l7b0akv626o228hb4.png\" \/><\/a><\/figure><\/li><li class=\"wpr-flip-item\" data-flip-title=\"\"><figure><a ><img decoding=\"async\" alt=\"\" src=\"https:\/\/andre.icca-reims.fr\/wp-content\/uploads\/elementor\/thumbs\/Avis-client-3-rfkknn6ic5a03zcwucrbeduuyktju8tu8jx7fsarvk.png\" \/><\/a><\/figure><\/li><\/ul><\/div><\/div>\t\t\t\t<\/div>\n\t\t\t\t\t<\/div>\n\t\t\t\t<\/div>\n\t\t\t\t<\/div>\n\t\t","protected":false},"excerpt":{"rendered":"<p>D\u00e9couvrez les \u00e9v\u00e9nements que nous avons imagin\u00e9s, coordonn\u00e9s et v\u00e9cus aux c\u00f4t\u00e9s de nos clients. Chaque projet est unique, comme ceux qui nous font confiance. HYROX PARIS 2024 Voir le projet https:\/\/www.youtube.com\/watch?v=GHt-0PPjv60https:\/\/www.youtube.com\/watch?v=H7myCIKbKZU S\u00c9MINAIRE ENTREPRISE Voir le projet CONCOURS DE DUNK Voir le projet<\/p>\n","protected":false},"author":1,"featured_media":0,"parent":0,"menu_order":0,"comment_status":"closed","ping_status":"closed","template":"elementor_header_footer","meta":{"footnotes":""},"class_list":["post-57","page","type-page","status-publish","hentry"],"yoast_head":"<!-- This site is optimized with the Yoast SEO plugin v27.6 - https:\/\/yoast.com\/product\/yoast-seo-wordpress\/ -->\n<title>Nos r\u00e9alisations - Heart To Heart<\/title>\n<meta name=\"robots\" content=\"index, follow, max-snippet:-1, max-image-preview:large, max-video-preview:-1\" \/>\n<link rel=\"canonical\" href=\"https:\/\/andre.icca-reims.fr\/?page_id=57\" \/>\n<meta property=\"og:locale\" content=\"fr_FR\" \/>\n<meta property=\"og:type\" content=\"article\" \/>\n<meta property=\"og:title\" content=\"Nos r\u00e9alisations - Heart To Heart\" \/>\n<meta property=\"og:description\" content=\"D\u00e9couvrez les \u00e9v\u00e9nements que nous avons imagin\u00e9s, coordonn\u00e9s et v\u00e9cus aux c\u00f4t\u00e9s de nos clients. Chaque projet est unique, comme ceux qui nous font confiance. HYROX PARIS 2024 Voir le projet https:\/\/www.youtube.com\/watch?v=GHt-0PPjv60https:\/\/www.youtube.com\/watch?v=H7myCIKbKZU S\u00c9MINAIRE ENTREPRISE Voir le projet CONCOURS DE DUNK Voir le projet\" \/>\n<meta property=\"og:url\" content=\"https:\/\/andre.icca-reims.fr\/?page_id=57\" \/>\n<meta property=\"og:site_name\" content=\"Heart To Heart\" \/>\n<meta property=\"article:modified_time\" content=\"2025-12-04T16:32:42+00:00\" \/>\n<meta property=\"og:image\" content=\"https:\/\/andre.icca-reims.fr\/wp-content\/uploads\/2025\/12\/Image-7-1.jpeg\" \/>\n\t<meta property=\"og:image:width\" content=\"1440\" \/>\n\t<meta property=\"og:image:height\" content=\"1440\" \/>\n\t<meta property=\"og:image:type\" content=\"image\/jpeg\" \/>\n<meta name=\"twitter:card\" content=\"summary_large_image\" \/>\n<meta name=\"twitter:label1\" content=\"Dur\u00e9e de lecture estim\u00e9e\" \/>\n\t<meta name=\"twitter:data1\" content=\"1 minute\" \/>\n<script type=\"application\/ld+json\" class=\"yoast-schema-graph\">{\"@context\":\"https:\\\/\\\/schema.org\",\"@graph\":[{\"@type\":\"WebPage\",\"@id\":\"https:\\\/\\\/andre.icca-reims.fr\\\/?page_id=57\",\"url\":\"https:\\\/\\\/andre.icca-reims.fr\\\/?page_id=57\",\"name\":\"Nos r\u00e9alisations - Heart To Heart\",\"isPartOf\":{\"@id\":\"https:\\\/\\\/andre.icca-reims.fr\\\/#website\"},\"primaryImageOfPage\":{\"@id\":\"https:\\\/\\\/andre.icca-reims.fr\\\/?page_id=57#primaryimage\"},\"image\":{\"@id\":\"https:\\\/\\\/andre.icca-reims.fr\\\/?page_id=57#primaryimage\"},\"thumbnailUrl\":\"https:\\\/\\\/andre.icca-reims.fr\\\/wp-content\\\/uploads\\\/2025\\\/12\\\/Image-7-1.jpeg\",\"datePublished\":\"2025-12-02T09:58:30+00:00\",\"dateModified\":\"2025-12-04T16:32:42+00:00\",\"breadcrumb\":{\"@id\":\"https:\\\/\\\/andre.icca-reims.fr\\\/?page_id=57#breadcrumb\"},\"inLanguage\":\"fr-FR\",\"potentialAction\":[{\"@type\":\"ReadAction\",\"target\":[\"https:\\\/\\\/andre.icca-reims.fr\\\/?page_id=57\"]}]},{\"@type\":\"ImageObject\",\"inLanguage\":\"fr-FR\",\"@id\":\"https:\\\/\\\/andre.icca-reims.fr\\\/?page_id=57#primaryimage\",\"url\":\"https:\\\/\\\/andre.icca-reims.fr\\\/wp-content\\\/uploads\\\/2025\\\/12\\\/Image-7-1.jpeg\",\"contentUrl\":\"https:\\\/\\\/andre.icca-reims.fr\\\/wp-content\\\/uploads\\\/2025\\\/12\\\/Image-7-1.jpeg\",\"width\":1440,\"height\":1440},{\"@type\":\"BreadcrumbList\",\"@id\":\"https:\\\/\\\/andre.icca-reims.fr\\\/?page_id=57#breadcrumb\",\"itemListElement\":[{\"@type\":\"ListItem\",\"position\":1,\"name\":\"Accueil\",\"item\":\"https:\\\/\\\/andre.icca-reims.fr\\\/\"},{\"@type\":\"ListItem\",\"position\":2,\"name\":\"Nos r\u00e9alisations\"}]},{\"@type\":\"WebSite\",\"@id\":\"https:\\\/\\\/andre.icca-reims.fr\\\/#website\",\"url\":\"https:\\\/\\\/andre.icca-reims.fr\\\/\",\"name\":\"Heart To Heart\",\"description\":\"\",\"potentialAction\":[{\"@type\":\"SearchAction\",\"target\":{\"@type\":\"EntryPoint\",\"urlTemplate\":\"https:\\\/\\\/andre.icca-reims.fr\\\/?s={search_term_string}\"},\"query-input\":{\"@type\":\"PropertyValueSpecification\",\"valueRequired\":true,\"valueName\":\"search_term_string\"}}],\"inLanguage\":\"fr-FR\"}]}<\/script>\n<!-- \/ Yoast SEO plugin. -->","yoast_head_json":{"title":"Nos r\u00e9alisations - Heart To Heart","robots":{"index":"index","follow":"follow","max-snippet":"max-snippet:-1","max-image-preview":"max-image-preview:large","max-video-preview":"max-video-preview:-1"},"canonical":"https:\/\/andre.icca-reims.fr\/?page_id=57","og_locale":"fr_FR","og_type":"article","og_title":"Nos r\u00e9alisations - Heart To Heart","og_description":"D\u00e9couvrez les \u00e9v\u00e9nements que nous avons imagin\u00e9s, coordonn\u00e9s et v\u00e9cus aux c\u00f4t\u00e9s de nos clients. Chaque projet est unique, comme ceux qui nous font confiance. HYROX PARIS 2024 Voir le projet https:\/\/www.youtube.com\/watch?v=GHt-0PPjv60https:\/\/www.youtube.com\/watch?v=H7myCIKbKZU S\u00c9MINAIRE ENTREPRISE Voir le projet CONCOURS DE DUNK Voir le projet","og_url":"https:\/\/andre.icca-reims.fr\/?page_id=57","og_site_name":"Heart To Heart","article_modified_time":"2025-12-04T16:32:42+00:00","og_image":[{"width":1440,"height":1440,"url":"https:\/\/andre.icca-reims.fr\/wp-content\/uploads\/2025\/12\/Image-7-1.jpeg","type":"image\/jpeg"}],"twitter_card":"summary_large_image","twitter_misc":{"Dur\u00e9e de lecture estim\u00e9e":"1 minute"},"schema":{"@context":"https:\/\/schema.org","@graph":[{"@type":"WebPage","@id":"https:\/\/andre.icca-reims.fr\/?page_id=57","url":"https:\/\/andre.icca-reims.fr\/?page_id=57","name":"Nos r\u00e9alisations - Heart To Heart","isPartOf":{"@id":"https:\/\/andre.icca-reims.fr\/#website"},"primaryImageOfPage":{"@id":"https:\/\/andre.icca-reims.fr\/?page_id=57#primaryimage"},"image":{"@id":"https:\/\/andre.icca-reims.fr\/?page_id=57#primaryimage"},"thumbnailUrl":"https:\/\/andre.icca-reims.fr\/wp-content\/uploads\/2025\/12\/Image-7-1.jpeg","datePublished":"2025-12-02T09:58:30+00:00","dateModified":"2025-12-04T16:32:42+00:00","breadcrumb":{"@id":"https:\/\/andre.icca-reims.fr\/?page_id=57#breadcrumb"},"inLanguage":"fr-FR","potentialAction":[{"@type":"ReadAction","target":["https:\/\/andre.icca-reims.fr\/?page_id=57"]}]},{"@type":"ImageObject","inLanguage":"fr-FR","@id":"https:\/\/andre.icca-reims.fr\/?page_id=57#primaryimage","url":"https:\/\/andre.icca-reims.fr\/wp-content\/uploads\/2025\/12\/Image-7-1.jpeg","contentUrl":"https:\/\/andre.icca-reims.fr\/wp-content\/uploads\/2025\/12\/Image-7-1.jpeg","width":1440,"height":1440},{"@type":"BreadcrumbList","@id":"https:\/\/andre.icca-reims.fr\/?page_id=57#breadcrumb","itemListElement":[{"@type":"ListItem","position":1,"name":"Accueil","item":"https:\/\/andre.icca-reims.fr\/"},{"@type":"ListItem","position":2,"name":"Nos r\u00e9alisations"}]},{"@type":"WebSite","@id":"https:\/\/andre.icca-reims.fr\/#website","url":"https:\/\/andre.icca-reims.fr\/","name":"Heart To Heart","description":"","potentialAction":[{"@type":"SearchAction","target":{"@type":"EntryPoint","urlTemplate":"https:\/\/andre.icca-reims.fr\/?s={search_term_string}"},"query-input":{"@type":"PropertyValueSpecification","valueRequired":true,"valueName":"search_term_string"}}],"inLanguage":"fr-FR"}]}},"_links":{"self":[{"href":"https:\/\/andre.icca-reims.fr\/index.php?rest_route=\/wp\/v2\/pages\/57","targetHints":{"allow":["GET"]}}],"collection":[{"href":"https:\/\/andre.icca-reims.fr\/index.php?rest_route=\/wp\/v2\/pages"}],"about":[{"href":"https:\/\/andre.icca-reims.fr\/index.php?rest_route=\/wp\/v2\/types\/page"}],"author":[{"embeddable":true,"href":"https:\/\/andre.icca-reims.fr\/index.php?rest_route=\/wp\/v2\/users\/1"}],"replies":[{"embeddable":true,"href":"https:\/\/andre.icca-reims.fr\/index.php?rest_route=%2Fwp%2Fv2%2Fcomments&post=57"}],"version-history":[{"count":33,"href":"https:\/\/andre.icca-reims.fr\/index.php?rest_route=\/wp\/v2\/pages\/57\/revisions"}],"predecessor-version":[{"id":400,"href":"https:\/\/andre.icca-reims.fr\/index.php?rest_route=\/wp\/v2\/pages\/57\/revisions\/400"}],"wp:attachment":[{"href":"https:\/\/andre.icca-reims.fr\/index.php?rest_route=%2Fwp%2Fv2%2Fmedia&parent=57"}],"curies":[{"name":"wp","href":"https:\/\/api.w.org\/{rel}","templated":true}]}}